{"id":8871,"date":"2022-12-05T17:41:00","date_gmt":"2022-12-05T16:41:00","guid":{"rendered":"http:\/\/dravbenitez.com\/?page_id=8871"},"modified":"2024-07-17T12:21:22","modified_gmt":"2024-07-17T10:21:22","slug":"nuestro-equipo","status":"publish","type":"page","link":"https:\/\/dravbenitez.com\/en\/nuestro-equipo\/","title":{"rendered":"Our team"},"content":{"rendered":"<div data-elementor-type=\"wp-page\" data-elementor-id=\"8871\" class=\"elementor elementor-8871\" data-elementor-post-type=\"page\">\n\t\t\t\t\t\t<section class=\"wd-negative-gap elementor-section elementor-top-section elementor-element elementor-element-7a967d18 elementor-section-boxed elementor-section-height-default elementor-section-height-default\" data-id=\"7a967d18\" data-element_type=\"section\" data-e-type=\"section\">\n\t\t\t\t\t\t<div class=\"elementor-container elementor-column-gap-extended\">\n\t\t\t\t\t<div class=\"elementor-column elementor-col-25 elementor-top-column elementor-element elementor-element-5a7f02b5\" data-id=\"5a7f02b5\" data-element_type=\"column\" data-e-type=\"column\">\n\t\t\t<div class=\"elementor-widget-wrap\">\n\t\t\t\t\t\t\t<\/div>\n\t\t<\/div>\n\t\t\t\t<div class=\"elementor-column elementor-col-25 elementor-top-column elementor-element elementor-element-0873393\" data-id=\"0873393\" data-element_type=\"column\" data-e-type=\"column\">\n\t\t\t<div class=\"elementor-widget-wrap elementor-element-populated\">\n\t\t\t\t\t\t<div class=\"elementor-element elementor-element-6e93a4a elementor-widget elementor-widget-wd_team_member\" data-id=\"6e93a4a\" data-element_type=\"widget\" data-e-type=\"widget\" data-widget_type=\"wd_team_member.default\">\n\t\t\t\t<div class=\"elementor-widget-container\">\n\t\t\t\t\t\t\t\t<link rel=\"stylesheet\" id=\"wd-social-icons-css\" href=\"https:\/\/dravbenitez.com\/wp-content\/themes\/woodmart\/css\/parts\/el-social-icons.min.css?ver=7.5.2\" type=\"text\/css\" media=\"all\" \/> \t\t\t\t\t\t<link rel=\"stylesheet\" id=\"wd-team-member-css\" href=\"https:\/\/dravbenitez.com\/wp-content\/themes\/woodmart\/css\/parts\/el-team-member.min.css?ver=7.5.2\" type=\"text\/css\" media=\"all\" \/> \t\t\t\t\t<div class=\"team-member member-layout-hover text-center color-scheme-light\">\n\t\t\t\t\t\t\t<div class=\"member-image-wrapper\">\n\t\t\t\t\t<div class=\"member-image\">\n\t\t\t\t\t\t<img fetchpriority=\"high\" decoding=\"async\" width=\"1350\" height=\"1800\" src=\"https:\/\/dravbenitez.com\/wp-content\/themes\/woodmart\/images\/lazy.png\" class=\"attachment-full size-full wd-lazy-load wd-lazy-fade\" alt=\"\" srcset=\"\" sizes=\"(max-width: 1350px) 100vw, 1350px\" data-wood-src=\"https:\/\/dravbenitez.com\/wp-content\/uploads\/2023\/02\/Dra-Virgionia-B-R.jpg\" data-srcset=\"https:\/\/dravbenitez.com\/wp-content\/uploads\/2023\/02\/Dra-Virgionia-B-R.jpg 1350w, https:\/\/dravbenitez.com\/wp-content\/uploads\/2023\/02\/Dra-Virgionia-B-R-225x300.jpg 225w, https:\/\/dravbenitez.com\/wp-content\/uploads\/2023\/02\/Dra-Virgionia-B-R-600x800.jpg 600w, https:\/\/dravbenitez.com\/wp-content\/uploads\/2023\/02\/Dra-Virgionia-B-R-768x1024.jpg 768w, https:\/\/dravbenitez.com\/wp-content\/uploads\/2023\/02\/Dra-Virgionia-B-R-1152x1536.jpg 1152w\" title=\"\">\t\t\t\t\t<\/div>\n\t\t\t\t<\/div>\n\t\t\t\n\t\t\t<div class=\"member-details set-mb-s reset-last-child\">\n\t\t\t\t\t\t\t\t\t<h4 class=\"member-name\">\n\t\t\t\t\t\tDr. Virginia Ben\u00edtez Roig\t\t\t\t\t<\/h4>\n\t\t\t\t\n\t\t\t\t\t\t\t\t\t<div class=\"member-position\">\n\t\t\t\t\t\tSpecialist in General Surgery, Master in Medical Surgical Laser and Aesthetic Medicine\t\t\t\t\t<\/div>\n\t\t\t\t\n\t\t\t\t\n\t\t\t\t\t\t\t<\/div>\n\t\t<\/div>\n\t\t\t\t\t\t<\/div>\n\t\t\t\t<\/div>\n\t\t\t\t\t<\/div>\n\t\t<\/div>\n\t\t\t\t<div class=\"elementor-column elementor-col-25 elementor-top-column elementor-element elementor-element-66a9bbf9\" data-id=\"66a9bbf9\" data-element_type=\"column\" data-e-type=\"column\">\n\t\t\t<div class=\"elementor-widget-wrap elementor-element-populated\">\n\t\t\t\t\t\t<div class=\"elementor-element elementor-element-30702da elementor-widget elementor-widget-wd_team_member\" data-id=\"30702da\" data-element_type=\"widget\" data-e-type=\"widget\" data-widget_type=\"wd_team_member.default\">\n\t\t\t\t<div class=\"elementor-widget-container\">\n\t\t\t\t\t\t\t<div class=\"team-member member-layout-hover text-center color-scheme-light\">\n\t\t\t\t\t\t\t<div class=\"member-image-wrapper\">\n\t\t\t\t\t<div class=\"member-image\">\n\t\t\t\t\t\t<img decoding=\"async\" width=\"1350\" height=\"1800\" src=\"https:\/\/dravbenitez.com\/wp-content\/themes\/woodmart\/images\/lazy.png\" class=\"attachment-full size-full wd-lazy-load wd-lazy-fade\" alt=\"\" srcset=\"\" sizes=\"(max-width: 1350px) 100vw, 1350px\" data-wood-src=\"https:\/\/dravbenitez.com\/wp-content\/uploads\/2024\/07\/doctor-1350x1800-1.jpg\" data-srcset=\"https:\/\/dravbenitez.com\/wp-content\/uploads\/2024\/07\/doctor-1350x1800-1.jpg 1350w, https:\/\/dravbenitez.com\/wp-content\/uploads\/2024\/07\/doctor-1350x1800-1-225x300.jpg 225w, https:\/\/dravbenitez.com\/wp-content\/uploads\/2024\/07\/doctor-1350x1800-1-600x800.jpg 600w, https:\/\/dravbenitez.com\/wp-content\/uploads\/2024\/07\/doctor-1350x1800-1-768x1024.jpg 768w, https:\/\/dravbenitez.com\/wp-content\/uploads\/2024\/07\/doctor-1350x1800-1-1152x1536.jpg 1152w, https:\/\/dravbenitez.com\/wp-content\/uploads\/2024\/07\/doctor-1350x1800-1-9x12.jpg 9w\" title=\"\">\t\t\t\t\t<\/div>\n\t\t\t\t<\/div>\n\t\t\t\n\t\t\t<div class=\"member-details set-mb-s reset-last-child\">\n\t\t\t\t\t\t\t\t\t<h4 class=\"member-name\">\n\t\t\t\t\t\tDr. Javier Broekhuizen Benitez\t\t\t\t\t<\/h4>\n\t\t\t\t\n\t\t\t\t\t\t\t\t\t<div class=\"member-position\">\n\t\t\t\t\t\tSpecialist in General Surgery and Digestive System, Master in Aesthetic, Regenerative and Anti-aging Medicine\t\t\t\t\t<\/div>\n\t\t\t\t\n\t\t\t\t\n\t\t\t\t\t\t\t<\/div>\n\t\t<\/div>\n\t\t\t\t\t\t<\/div>\n\t\t\t\t<\/div>\n\t\t\t\t\t<\/div>\n\t\t<\/div>\n\t\t\t\t<div class=\"elementor-column elementor-col-25 elementor-top-column elementor-element elementor-element-657f7e7\" data-id=\"657f7e7\" data-element_type=\"column\" data-e-type=\"column\">\n\t\t\t<div class=\"elementor-widget-wrap\">\n\t\t\t\t\t\t\t<\/div>\n\t\t<\/div>\n\t\t\t\t\t<\/div>\n\t\t<\/section>\n\t\t\t\t<section class=\"wd-negative-gap elementor-section elementor-top-section elementor-element elementor-element-38423a3 elementor-section-boxed elementor-section-height-default elementor-section-height-default\" data-id=\"38423a3\" data-element_type=\"section\" data-e-type=\"section\">\n\t\t\t\t\t\t<div class=\"elementor-container elementor-column-gap-extended\">\n\t\t\t\t\t<div class=\"elementor-column elementor-col-50 elementor-top-column elementor-element elementor-element-361f7b1\" data-id=\"361f7b1\" data-element_type=\"column\" data-e-type=\"column\">\n\t\t\t<div class=\"elementor-widget-wrap elementor-element-populated\">\n\t\t\t\t\t\t<div class=\"elementor-element elementor-element-5e2450a elementor-widget elementor-widget-wd_team_member\" data-id=\"5e2450a\" data-element_type=\"widget\" data-e-type=\"widget\" data-widget_type=\"wd_team_member.default\">\n\t\t\t\t<div class=\"elementor-widget-container\">\n\t\t\t\t\t\t\t<div class=\"team-member member-layout-hover text-center color-scheme-light\">\n\t\t\t\t\t\t\t<div class=\"member-image-wrapper\">\n\t\t\t\t\t<div class=\"member-image\">\n\t\t\t\t\t\t<img decoding=\"async\" width=\"1350\" height=\"1800\" src=\"https:\/\/dravbenitez.com\/wp-content\/themes\/woodmart\/images\/lazy.png\" class=\"attachment-full size-full wd-lazy-load wd-lazy-fade\" alt=\"\" srcset=\"\" sizes=\"(max-width: 1350px) 100vw, 1350px\" data-wood-src=\"https:\/\/dravbenitez.com\/wp-content\/uploads\/2023\/02\/IMG_5772.png\" data-srcset=\"https:\/\/dravbenitez.com\/wp-content\/uploads\/2023\/02\/IMG_5772.png 1350w, https:\/\/dravbenitez.com\/wp-content\/uploads\/2023\/02\/IMG_5772-225x300.png 225w, https:\/\/dravbenitez.com\/wp-content\/uploads\/2023\/02\/IMG_5772-600x800.png 600w, https:\/\/dravbenitez.com\/wp-content\/uploads\/2023\/02\/IMG_5772-768x1024.png 768w, https:\/\/dravbenitez.com\/wp-content\/uploads\/2023\/02\/IMG_5772-1152x1536.png 1152w\" title=\"\">\t\t\t\t\t<\/div>\n\t\t\t\t<\/div>\n\t\t\t\n\t\t\t<div class=\"member-details set-mb-s reset-last-child\">\n\t\t\t\t\t\t\t\t\t<h4 class=\"member-name\">\n\t\t\t\t\t\tAntoaneta Timircan\t\t\t\t\t<\/h4>\n\t\t\t\t\n\t\t\t\t\t\t\t\t\t<div class=\"member-position\">\n\t\t\t\t\t\tNurse\t\t\t\t\t<\/div>\n\t\t\t\t\n\t\t\t\t\n\t\t\t\t\t\t\t<\/div>\n\t\t<\/div>\n\t\t\t\t\t\t<\/div>\n\t\t\t\t<\/div>\n\t\t\t\t<div class=\"elementor-element elementor-element-60c52a1 color-scheme-inherit text-left elementor-widget elementor-widget-text-editor\" data-id=\"60c52a1\" data-element_type=\"widget\" data-e-type=\"widget\" data-widget_type=\"text-editor.default\">\n\t\t\t\t<div class=\"elementor-widget-container\">\n\t\t\t\t\t\t\t\t\t<p class=\"font_8\"><span class=\"color_16\">Languages: Spanish, English, Romanian and German.<\/span><\/p>\t\t\t\t\t\t\t\t<\/div>\n\t\t\t\t<\/div>\n\t\t\t\t\t<\/div>\n\t\t<\/div>\n\t\t\t\t<div class=\"elementor-column elementor-col-50 elementor-top-column elementor-element elementor-element-c35915f\" data-id=\"c35915f\" data-element_type=\"column\" data-e-type=\"column\">\n\t\t\t<div class=\"elementor-widget-wrap elementor-element-populated\">\n\t\t\t\t\t\t<div class=\"elementor-element elementor-element-b9c24c3 elementor-widget elementor-widget-wd_team_member\" data-id=\"b9c24c3\" data-element_type=\"widget\" data-e-type=\"widget\" data-widget_type=\"wd_team_member.default\">\n\t\t\t\t<div class=\"elementor-widget-container\">\n\t\t\t\t\t\t\t<div class=\"team-member member-layout-hover text-center color-scheme-light\">\n\t\t\t\t\t\t\t<div class=\"member-image-wrapper\">\n\t\t\t\t\t<div class=\"member-image\">\n\t\t\t\t\t\t<img loading=\"lazy\" decoding=\"async\" width=\"1350\" height=\"1800\" src=\"https:\/\/dravbenitez.com\/wp-content\/themes\/woodmart\/images\/lazy.png\" class=\"attachment-full size-full wd-lazy-load wd-lazy-fade\" alt=\"\" srcset=\"\" sizes=\"(max-width: 1350px) 100vw, 1350px\" data-wood-src=\"https:\/\/dravbenitez.com\/wp-content\/uploads\/2023\/02\/IMG_5771.jpg\" data-srcset=\"https:\/\/dravbenitez.com\/wp-content\/uploads\/2023\/02\/IMG_5771.jpg 1350w, https:\/\/dravbenitez.com\/wp-content\/uploads\/2023\/02\/IMG_5771-225x300.jpg 225w, https:\/\/dravbenitez.com\/wp-content\/uploads\/2023\/02\/IMG_5771-600x800.jpg 600w, https:\/\/dravbenitez.com\/wp-content\/uploads\/2023\/02\/IMG_5771-768x1024.jpg 768w, https:\/\/dravbenitez.com\/wp-content\/uploads\/2023\/02\/IMG_5771-1152x1536.jpg 1152w\" title=\"\">\t\t\t\t\t<\/div>\n\t\t\t\t<\/div>\n\t\t\t\n\t\t\t<div class=\"member-details set-mb-s reset-last-child\">\n\t\t\t\t\t\t\t\t\t<h4 class=\"member-name\">\n\t\t\t\t\t\tMaria Saprichiani \t\t\t\t\t<\/h4>\n\t\t\t\t\n\t\t\t\t\t\t\t\t\t<div class=\"member-position\">\n\t\t\t\t\t\tLaser Technician, Cosmetologist and specialist in facial and body aesthetic beauty\t\t\t\t\t<\/div>\n\t\t\t\t\n\t\t\t\t\n\t\t\t\t\t\t\t<\/div>\n\t\t<\/div>\n\t\t\t\t\t\t<\/div>\n\t\t\t\t<\/div>\n\t\t\t\t<div class=\"elementor-element elementor-element-6f0dd42 color-scheme-inherit text-left elementor-widget elementor-widget-text-editor\" data-id=\"6f0dd42\" data-element_type=\"widget\" data-e-type=\"widget\" data-widget_type=\"text-editor.default\">\n\t\t\t\t<div class=\"elementor-widget-container\">\n\t\t\t\t\t\t\t\t\t<p class=\"font_8\"><span class=\"color_16\">Languages: Spanish, English and Russian.<\/span><\/p>\t\t\t\t\t\t\t\t<\/div>\n\t\t\t\t<\/div>\n\t\t\t\t\t<\/div>\n\t\t<\/div>\n\t\t\t\t\t<\/div>\n\t\t<\/section>\n\t\t\t\t<\/div>","protected":false},"excerpt":{"rendered":"<p>Dra. Virginia Ben\u00edtez Roig Especialista en Cirug\u00eda General, M\u00e1ster en L\u00e1ser M\u00e9dico Quir\u00fargico y Medicina Est\u00e9tica Dr. Javier Broekhuizen Ben\u00edtez<\/p>","protected":false},"author":2,"featured_media":0,"parent":0,"menu_order":0,"comment_status":"closed","ping_status":"closed","template":"","meta":{"footnotes":""},"class_list":["post-8871","page","type-page","status-publish","hentry"],"_links":{"self":[{"href":"https:\/\/dravbenitez.com\/en\/wp-json\/wp\/v2\/pages\/8871","targetHints":{"allow":["GET"]}}],"collection":[{"href":"https:\/\/dravbenitez.com\/en\/wp-json\/wp\/v2\/pages"}],"about":[{"href":"https:\/\/dravbenitez.com\/en\/wp-json\/wp\/v2\/types\/page"}],"author":[{"embeddable":true,"href":"https:\/\/dravbenitez.com\/en\/wp-json\/wp\/v2\/users\/2"}],"replies":[{"embeddable":true,"href":"https:\/\/dravbenitez.com\/en\/wp-json\/wp\/v2\/comments?post=8871"}],"version-history":[{"count":95,"href":"https:\/\/dravbenitez.com\/en\/wp-json\/wp\/v2\/pages\/8871\/revisions"}],"predecessor-version":[{"id":11724,"href":"https:\/\/dravbenitez.com\/en\/wp-json\/wp\/v2\/pages\/8871\/revisions\/11724"}],"wp:attachment":[{"href":"https:\/\/dravbenitez.com\/en\/wp-json\/wp\/v2\/media?parent=8871"}],"curies":[{"name":"wp","href":"https:\/\/api.w.org\/{rel}","templated":true}]}}