{"id":8852,"date":"2022-12-05T17:18:23","date_gmt":"2022-12-05T16:18:23","guid":{"rendered":"http:\/\/dravbenitez.com\/?page_id=8852"},"modified":"2023-02-13T16:45:47","modified_gmt":"2023-02-13T15:45:47","slug":"politica-de-cookies","status":"publish","type":"page","link":"https:\/\/dravbenitez.com\/en\/politica-de-cookies\/","title":{"rendered":"Cookies policy"},"content":{"rendered":"<div data-elementor-type=\"wp-page\" data-elementor-id=\"8852\" class=\"elementor elementor-8852\" data-elementor-post-type=\"page\">\n\t\t\t\t\t\t<section class=\"wd-negative-gap elementor-section elementor-top-section elementor-element elementor-element-aac5bac elementor-section-boxed elementor-section-height-default elementor-section-height-default\" data-id=\"aac5bac\" data-element_type=\"section\" data-e-type=\"section\">\n\t\t\t\t\t\t<div class=\"elementor-container elementor-column-gap-default\">\n\t\t\t\t\t<div class=\"elementor-column elementor-col-100 elementor-top-column elementor-element elementor-element-892a236\" data-id=\"892a236\" data-element_type=\"column\" data-e-type=\"column\">\n\t\t\t<div class=\"elementor-widget-wrap elementor-element-populated\">\n\t\t\t\t\t\t<div class=\"elementor-element elementor-element-76afd21 color-scheme-inherit text-left elementor-widget elementor-widget-text-editor\" data-id=\"76afd21\" data-element_type=\"widget\" data-e-type=\"widget\" data-widget_type=\"text-editor.default\">\n\t\t\t\t<div class=\"elementor-widget-container\">\n\t\t\t\t\t\t\t\t\t<p>The dravbenitez.com Cookies Policy applies to all web pages and online services we offer. By using our websites and online services, you agree to our Cookie Policy and how we use cookies.<\/p><p>What are cookies? Cookies are small text files that are stored on your computer or mobile device when you visit a web page. Cookies are used to store information, such as user preferences, and to track the use of web pages and online services.<\/p><p>Why do we use cookies? We use cookies to improve the user experience and make our web pages and online services easier to use. Cookies also allow us to collect information about the use of our web pages and online services in order to improve their content and functionality.<\/p><p>What types of cookies do we use? We use two types of cookies: session cookies and persistent cookies. Session cookies are automatically deleted when you close your browser, while permanent cookies remain on your computer or mobile device for longer. We use session cookies to store your preferences during your visit to our websites and online services, while we use persistent cookies to store your preferences and make it easier for you to access our websites and online services in the future.<\/p><p>How can I control cookies? You can control and\/or delete cookies according to your preferences. For more information on how to do this, visit the help section of your browser. You can also choose not to accept cookies by setting your preferences in your browser. Please note that if you choose not to accept cookies, you may not be able to access all features of our websites and online services.<\/p><p>If you have any questions about our Cookie Policy or how we use cookies, please do not hesitate to contact us. We will be happy to help you.<\/p>\t\t\t\t\t\t\t\t<\/div>\n\t\t\t\t<\/div>\n\t\t\t\t\t<\/div>\n\t\t<\/div>\n\t\t\t\t\t<\/div>\n\t\t<\/section>\n\t\t\t\t<\/div>","protected":false},"excerpt":{"rendered":"<p>La Pol\u00edtica de Cookies de dravbenitez.com se aplica a todas las p\u00e1ginas web y servicios en l\u00ednea que ofrecemos. Al<\/p>","protected":false},"author":2,"featured_media":0,"parent":0,"menu_order":0,"comment_status":"closed","ping_status":"closed","template":"","meta":{"footnotes":""},"class_list":["post-8852","page","type-page","status-publish","hentry"],"_links":{"self":[{"href":"https:\/\/dravbenitez.com\/en\/wp-json\/wp\/v2\/pages\/8852","targetHints":{"allow":["GET"]}}],"collection":[{"href":"https:\/\/dravbenitez.com\/en\/wp-json\/wp\/v2\/pages"}],"about":[{"href":"https:\/\/dravbenitez.com\/en\/wp-json\/wp\/v2\/types\/page"}],"author":[{"embeddable":true,"href":"https:\/\/dravbenitez.com\/en\/wp-json\/wp\/v2\/users\/2"}],"replies":[{"embeddable":true,"href":"https:\/\/dravbenitez.com\/en\/wp-json\/wp\/v2\/comments?post=8852"}],"version-history":[{"count":8,"href":"https:\/\/dravbenitez.com\/en\/wp-json\/wp\/v2\/pages\/8852\/revisions"}],"predecessor-version":[{"id":9822,"href":"https:\/\/dravbenitez.com\/en\/wp-json\/wp\/v2\/pages\/8852\/revisions\/9822"}],"wp:attachment":[{"href":"https:\/\/dravbenitez.com\/en\/wp-json\/wp\/v2\/media?parent=8852"}],"curies":[{"name":"wp","href":"https:\/\/api.w.org\/{rel}","templated":true}]}}