{"id":4400,"date":"2021-10-12T15:51:09","date_gmt":"2021-10-12T15:51:09","guid":{"rendered":"http:\/\/dummy.xtemos.com\/woodmart2\/elementor\/?page_id=4400"},"modified":"2023-03-14T11:00:59","modified_gmt":"2023-03-14T10:00:59","slug":"acerca","status":"publish","type":"page","link":"https:\/\/dravbenitez.com\/en\/acerca\/","title":{"rendered":"About"},"content":{"rendered":"<div data-elementor-type=\"wp-page\" data-elementor-id=\"4400\" class=\"elementor elementor-4400\" data-elementor-post-type=\"page\">\n\t\t\t\t\t\t<section class=\"wd-negative-gap elementor-section elementor-top-section elementor-element elementor-element-267a80d elementor-section-boxed elementor-section-height-default elementor-section-height-default\" data-id=\"267a80d\" data-element_type=\"section\" data-e-type=\"section\">\n\t\t\t\t\t\t<div class=\"elementor-container elementor-column-gap-default\">\n\t\t\t\t\t<div class=\"elementor-column elementor-col-100 elementor-top-column elementor-element elementor-element-f312988\" data-id=\"f312988\" data-element_type=\"column\" data-e-type=\"column\">\n\t\t\t<div class=\"elementor-widget-wrap elementor-element-populated\">\n\t\t\t\t\t\t<div class=\"elementor-element elementor-element-d649d34 color-scheme-inherit text-left elementor-widget elementor-widget-text-editor\" data-id=\"d649d34\" data-element_type=\"widget\" data-e-type=\"widget\" data-widget_type=\"text-editor.default\">\n\t\t\t\t<div class=\"elementor-widget-container\">\n\t\t\t\t\t\t\t\t\t<p class=\"font_4\">The commitment to health and quality of life is the main reason that guides my profession. Our goal is to provide the best treatments, for which we have elite specialists in each sector.<\/p><p class=\"font_4\">Likewise, we incorporate the latest medical aesthetic technologies to always be at the forefront within our specialty.<\/p>\t\t\t\t\t\t\t\t<\/div>\n\t\t\t\t<\/div>\n\t\t\t\t\t<\/div>\n\t\t<\/div>\n\t\t\t\t\t<\/div>\n\t\t<\/section>\n\t\t\t\t<section class=\"wd-negative-gap elementor-section elementor-top-section elementor-element elementor-element-8734224 elementor-section-boxed elementor-section-height-default elementor-section-height-default\" data-id=\"8734224\" data-element_type=\"section\" data-e-type=\"section\">\n\t\t\t\t\t\t<div class=\"elementor-container elementor-column-gap-default\">\n\t\t\t\t\t<div class=\"elementor-column elementor-col-50 elementor-top-column elementor-element elementor-element-7f05d0c\" data-id=\"7f05d0c\" data-element_type=\"column\" data-e-type=\"column\">\n\t\t\t<div class=\"elementor-widget-wrap elementor-element-populated\">\n\t\t\t\t\t\t<div class=\"elementor-element elementor-element-ac018b3 elementor-widget elementor-widget-image\" data-id=\"ac018b3\" data-element_type=\"widget\" data-e-type=\"widget\" data-widget_type=\"image.default\">\n\t\t\t\t<div class=\"elementor-widget-container\">\n\t\t\t\t\t\t\t\t\t\t\t\t\t\t\t<img fetchpriority=\"high\" decoding=\"async\" width=\"545\" height=\"800\" src=\"https:\/\/dravbenitez.com\/wp-content\/themes\/woodmart\/images\/lazy.png\" class=\"attachment-large size-large wp-image-9565 wd-lazy-load wd-lazy-fade\" alt=\"\" srcset=\"\" sizes=\"(max-width: 545px) 100vw, 545px\" data-wood-src=\"https:\/\/dravbenitez.com\/wp-content\/uploads\/2023\/02\/Dra-Benitez-545x800.jpg\" data-srcset=\"https:\/\/dravbenitez.com\/wp-content\/uploads\/2023\/02\/Dra-Benitez-545x800.jpg 545w, https:\/\/dravbenitez.com\/wp-content\/uploads\/2023\/02\/Dra-Benitez-204x300.jpg 204w, https:\/\/dravbenitez.com\/wp-content\/uploads\/2023\/02\/Dra-Benitez-768x1128.jpg 768w, https:\/\/dravbenitez.com\/wp-content\/uploads\/2023\/02\/Dra-Benitez.jpg 1023w\" title=\"\">\t\t\t\t\t\t\t\t\t\t\t\t\t\t\t<\/div>\n\t\t\t\t<\/div>\n\t\t\t\t\t<\/div>\n\t\t<\/div>\n\t\t\t\t<div class=\"elementor-column elementor-col-50 elementor-top-column elementor-element elementor-element-84da658\" data-id=\"84da658\" data-element_type=\"column\" data-e-type=\"column\">\n\t\t\t<div class=\"elementor-widget-wrap elementor-element-populated\">\n\t\t\t\t\t\t<div class=\"elementor-element elementor-element-9c44398 color-scheme-inherit text-left elementor-widget elementor-widget-text-editor\" data-id=\"9c44398\" data-element_type=\"widget\" data-e-type=\"widget\" data-widget_type=\"text-editor.default\">\n\t\t\t\t<div class=\"elementor-widget-container\">\n\t\t\t\t\t\t\t\t\t<p>Bachelor of Medicine and Surgery.<\/p><p>Specialist in General Surgery and Digestive System.<\/p><p>Master in Laser Medicine and Surgery from the University of Rovira i Virgili in Tarragona.<\/p><p>Master in Aesthetic Medicine and Physiological Aging from the University of Barcelona.<\/p><p>Diploma of advanced studies in experimental sciences applied to Biomedicine. University of Rovira i Virgili, Tarragona.<\/p><p>Member of the scientific review committee of the International Journal of Lasers in Medical Science.<\/p><p>Professor of the master&#039;s degree in aesthetic medicine and academic coordinator of the university specialist diploma in aesthetic and functional gynecology and cosmetic genital surgery for women, both from the University of Barcelona.<\/p><p>Professor of the Master of Permanent Training in Medical Surgical Laser for Dermatoesthetic Interventions. Nebrija University of Madrid.<\/p><p>Professor of the Master in laser and energy-based systems in dermatoesthetic pathology. University of Barcelona.<\/p><p>President of the Spanish Society of Medical Surgical Laser (SELMQ)<\/p>\t\t\t\t\t\t\t\t<\/div>\n\t\t\t\t<\/div>\n\t\t\t\t\t<\/div>\n\t\t<\/div>\n\t\t\t\t\t<\/div>\n\t\t<\/section>\n\t\t\t\t<\/div>","protected":false},"excerpt":{"rendered":"<p>El compromiso con la salud y la calidad de vida es la principal raz\u00f3n que gu\u00eda mi profesi\u00f3n. Nuestro objetivo<\/p>","protected":false},"author":2,"featured_media":0,"parent":0,"menu_order":0,"comment_status":"closed","ping_status":"closed","template":"","meta":{"footnotes":""},"class_list":["post-4400","page","type-page","status-publish","hentry"],"_links":{"self":[{"href":"https:\/\/dravbenitez.com\/en\/wp-json\/wp\/v2\/pages\/4400","targetHints":{"allow":["GET"]}}],"collection":[{"href":"https:\/\/dravbenitez.com\/en\/wp-json\/wp\/v2\/pages"}],"about":[{"href":"https:\/\/dravbenitez.com\/en\/wp-json\/wp\/v2\/types\/page"}],"author":[{"embeddable":true,"href":"https:\/\/dravbenitez.com\/en\/wp-json\/wp\/v2\/users\/2"}],"replies":[{"embeddable":true,"href":"https:\/\/dravbenitez.com\/en\/wp-json\/wp\/v2\/comments?post=4400"}],"version-history":[{"count":39,"href":"https:\/\/dravbenitez.com\/en\/wp-json\/wp\/v2\/pages\/4400\/revisions"}],"predecessor-version":[{"id":10180,"href":"https:\/\/dravbenitez.com\/en\/wp-json\/wp\/v2\/pages\/4400\/revisions\/10180"}],"wp:attachment":[{"href":"https:\/\/dravbenitez.com\/en\/wp-json\/wp\/v2\/media?parent=4400"}],"curies":[{"name":"wp","href":"https:\/\/api.w.org\/{rel}","templated":true}]}}